{"id":119,"date":"2026-03-25T17:36:54","date_gmt":"2026-03-25T17:36:54","guid":{"rendered":"https:\/\/hausleiter-gmbh.de\/?page_id=119"},"modified":"2026-04-06T01:47:08","modified_gmt":"2026-04-06T01:47:08","slug":"impressum","status":"publish","type":"page","link":"http:\/\/hausleiter-gmbh.de\/en\/impressum\/","title":{"rendered":"5.1 Impressum"},"content":{"rendered":"<div class=\"et_pb_section_0 et_pb_section et_section_regular et_block_section preset--module--divi-section--c2be10c3-3ec5-43e1-a8d2-e7c9d1591e60\">\n<div class=\"et_pb_row_0 et_pb_row et_block_row preset--module--divi-row--236fe43e-2f2f-477f-bfce-e5269f6b4f56\">\n<div class=\"et_pb_column_0 et_pb_column et_pb_column_4_4 et-last-child et_block_column et_pb_css_mix_blend_mode_passthrough preset--module--divi-column--9d68bf37-f524-4f94-9235-17889144241e\">\n<div class=\"et_pb_heading_0 et_pb_heading et_pb_module et_block_module preset--module--divi-heading--7df10c03-3807-4a10-8b2d-629e8c83b3a0\"><div class=\"et_pb_heading_container\"><h1 class=\"et_pb_module_header\">Impressum<\/h1><\/div><\/div>\n\n<div class=\"et_pb_text_0 et_pb_text et_pb_bg_layout_light et_pb_module et_block_module preset--module--divi-text--default\"><div class=\"et_pb_text_inner\"><h5><strong>Angaben gem\u00e4\u00df \u00a7 5 Digitale-Dienste-Gesetz (DDG)<\/strong><\/h5>\n<p>Hausleiter Druckhilfsmittel GmbH &amp; Co. KG<br \/>M\u00fchlenweg 5<br \/>41379 Br\u00fcggen<br \/>Deutschland<\/p>\n<p><strong>Kontakt:<\/strong><br \/>Telefon: +49 2157 870451<br \/>Fax: +49 2157 870457<br \/>E-Mail: vertrieb@hausleiter-gmbh.de<br \/>Website: https:\/\/hausleiter-gmbh.de<\/p>\n<p><strong>Registereintrag:<\/strong><br \/>Eingetragen im Handelsregister.<br \/>Registergericht: Amtsgericht Krefeld<br \/>Registernummer: HRA 4571<\/p>\n<p><strong>Pers\u00f6nlich haftende Gesellschaft:<\/strong><br \/>H M Verwaltungs GmbH, Br\u00fcggen<br \/>(Amtsgericht Krefeld, HRB 8657)<br \/>Vertretungsberechtigter: Axel Th\u00f6len<\/p>\n<p><strong>Umsatzsteuer-Identifikationsnummer gem\u00e4\u00df \u00a7 27a UStG:<\/strong><br \/>DE 209 009 299<\/p>\n<p><span style=\"text-decoration: underline;\"><em>[Platz f\u00fcr ggf. erforderliche Angaben zu Aufsichtsbeh\u00f6rden,<\/em><\/span><br \/><span style=\"text-decoration: underline;\"><em>berufsrechtlichen Regelungen oder speziellen Zulassungen]<\/em><\/span><\/p>\n<p><strong>Inhaltlich verantwortlich gem\u00e4\u00df \u00a7 18 Abs. 2 MStV:<\/strong><br \/><a href=\"canigroup.de\">CANI Web Design Agentur<\/a><br \/>(Nico-Caleb Asamoah)<br \/>Ringstra\u00dfe 83, 41334 Nettetal, Deutschland<\/p>\n<p><strong>Hinweis auf Datenschutz:<\/strong><br \/>Weitere Informationen zum Umgang mit personenbezogenen Daten<br \/>finden Sie in unserer <a href=\"hausleiter-gmbh.de\/datenschutzerkl\u00e4rung\">Datenschutzerkl\u00e4rung.<\/a><\/p>\n<p><strong>Haftung f\u00fcr Inhalte:<\/strong><br \/>Die Inhalte unserer Seiten wurden mit gr\u00f6\u00dfter Sorgfalt erstellt.<br \/>F\u00fcr die Richtigkeit, Vollst\u00e4ndigkeit und Aktualit\u00e4t der Inhalte<br \/>k\u00f6nnen wir jedoch keine Gew\u00e4hr \u00fcbernehmen. Verpflichtungen zur<br \/>Entfernung oder Sperrung der Nutzung von Informationen nach den<br \/>allgemeinen Gesetzen bleiben hiervon unber\u00fchrt.<\/p>\n<p><strong>Haftung f\u00fcr Links:<\/strong><br \/>Unser Angebot enth\u00e4lt ggf. Links zu externen Websites Dritter,<br \/>auf deren Inhalte wir keinen Einfluss haben. Deshalb k\u00f6nnen wir<br \/>f\u00fcr diese fremden Inhalte auch keine Gew\u00e4hr \u00fcbernehmen. F\u00fcr die<br \/>Inhalte der verlinkten Seiten ist stets der jeweilige Anbieter<br \/>oder Betreiber der Seiten verantwortlich. Bei Bekanntwerden von<br \/>Rechtsverletzungen werden derartige Links umgehend entfernt.<\/p>\n<p><strong>Urheberrecht:<\/strong><br \/>Die durch die Seitenbetreiber erstellten Inhalte und Werke auf<br \/>diesen Seiten unterliegen dem deutschen Urheberrecht. Die<br \/>Vervielf\u00e4ltigung, Bearbeitung, Verbreitung und jede Art der<br \/>Verwertung au\u00dferhalb der Grenzen des Urheberrechtes bed\u00fcrfen der<br \/>schriftlichen Zustimmung des jeweiligen Autors bzw. Erstellers.<br \/>Downloads und Kopien dieser Seite sind nur f\u00fcr den privaten,<br \/>nicht kommerziellen Gebrauch gestattet, sofern nicht anders<br \/>ausdr\u00fccklich gekennzeichnet.<\/p>\n<\/div><\/div>\n<\/div>\n<\/div>\n<\/div>","protected":false},"excerpt":{"rendered":"","protected":false},"author":1,"featured_media":0,"parent":0,"menu_order":0,"comment_status":"closed","ping_status":"closed","template":"","meta":{"footnotes":""},"class_list":["post-119","page","type-page","status-publish","hentry"],"_links":{"self":[{"href":"http:\/\/hausleiter-gmbh.de\/en\/wp-json\/wp\/v2\/pages\/119","targetHints":{"allow":["GET"]}}],"collection":[{"href":"http:\/\/hausleiter-gmbh.de\/en\/wp-json\/wp\/v2\/pages"}],"about":[{"href":"http:\/\/hausleiter-gmbh.de\/en\/wp-json\/wp\/v2\/types\/page"}],"author":[{"embeddable":true,"href":"http:\/\/hausleiter-gmbh.de\/en\/wp-json\/wp\/v2\/users\/1"}],"replies":[{"embeddable":true,"href":"http:\/\/hausleiter-gmbh.de\/en\/wp-json\/wp\/v2\/comments?post=119"}],"version-history":[{"count":3,"href":"http:\/\/hausleiter-gmbh.de\/en\/wp-json\/wp\/v2\/pages\/119\/revisions"}],"predecessor-version":[{"id":523,"href":"http:\/\/hausleiter-gmbh.de\/en\/wp-json\/wp\/v2\/pages\/119\/revisions\/523"}],"wp:attachment":[{"href":"http:\/\/hausleiter-gmbh.de\/en\/wp-json\/wp\/v2\/media?parent=119"}],"curies":[{"name":"wp","href":"https:\/\/api.w.org\/{rel}","templated":true}]}}